{"id":6391,"date":"2025-09-25T19:46:43","date_gmt":"2025-09-25T17:46:43","guid":{"rendered":"https:\/\/cassandraprogram.com\/versenyelony-a-bizonytalansagban\/"},"modified":"2025-12-22T14:27:42","modified_gmt":"2025-12-22T13:27:42","slug":"versenyelony-a-bizonytalansagban","status":"publish","type":"page","link":"https:\/\/cassandraprogram.com\/en\/","title":{"rendered":"Competitive Edge in Uncertainty"},"content":{"rendered":"\t\t<div data-elementor-type=\"wp-page\" data-elementor-id=\"6391\" class=\"elementor elementor-6391 elementor-18\" data-elementor-post-type=\"page\">\n\t\t\t\t<div class=\"elementor-element elementor-element-f09fe9f e-flex e-con-boxed e-con e-parent\" data-id=\"f09fe9f\" data-element_type=\"container\" data-e-type=\"container\" data-settings=\"{&quot;background_background&quot;:&quot;classic&quot;}\">\n\t\t\t\t\t<div class=\"e-con-inner\">\n\t\t\t\t<div class=\"elementor-element elementor-element-bb5ae7f elementor-widget elementor-widget-text-editor\" data-id=\"bb5ae7f\" data-element_type=\"widget\" data-e-type=\"widget\" data-widget_type=\"text-editor.default\">\n\t\t\t\t<div class=\"elementor-widget-container\">\n\t\t\t\t\t\t\t\t\t<p>The polycrisis is the simultaneous impact of <strong>multiple reinforcing crises<\/strong>.<\/p><p>The CASSee Program transforms <strong>crisis into opportunity<\/strong>.<\/p><p>Applying it <strong>lowers the organisation&#8217;s vulnerability and exposure<\/strong>.<\/p>\t\t\t\t\t\t\t\t<\/div>\n\t\t\t\t<\/div>\n\t\t\t\t\t<\/div>\n\t\t\t\t<\/div>\n\t\t<div class=\"elementor-element elementor-element-197c1c6 e-grid e-con-boxed e-con e-parent\" data-id=\"197c1c6\" data-element_type=\"container\" data-e-type=\"container\" data-settings=\"{&quot;background_background&quot;:&quot;classic&quot;}\">\n\t\t\t\t\t<div class=\"e-con-inner\">\n\t\t\t\t<div class=\"elementor-element elementor-element-1614f26 home-img-card e-transform elementor-position-top elementor-widget elementor-widget-image-box\" data-id=\"1614f26\" data-element_type=\"widget\" data-e-type=\"widget\" data-settings=\"{&quot;_transform_scale_effect_hover&quot;:{&quot;unit&quot;:&quot;px&quot;,&quot;size&quot;:1.0300000000000000266453525910037569701671600341796875,&quot;sizes&quot;:[]},&quot;_transform_scale_effect_hover_laptop&quot;:{&quot;unit&quot;:&quot;px&quot;,&quot;size&quot;:&quot;&quot;,&quot;sizes&quot;:[]},&quot;_transform_scale_effect_hover_tablet&quot;:{&quot;unit&quot;:&quot;px&quot;,&quot;size&quot;:&quot;&quot;,&quot;sizes&quot;:[]},&quot;_transform_scale_effect_hover_mobile&quot;:{&quot;unit&quot;:&quot;px&quot;,&quot;size&quot;:&quot;&quot;,&quot;sizes&quot;:[]}}\" data-widget_type=\"image-box.default\">\n\t\t\t\t<div class=\"elementor-widget-container\">\n\t\t\t\t\t<div class=\"elementor-image-box-wrapper\"><figure class=\"elementor-image-box-img\"><img loading=\"lazy\" decoding=\"async\" width=\"820\" height=\"900\" src=\"https:\/\/cassandraprogram.com\/wp-content\/uploads\/2025\/10\/fooldal-merhetoseg.jpg\" class=\"attachment-full size-full wp-image-6392\" alt=\"M\u00e9rhet\u0151s\u00e9g\" \/><\/figure><div class=\"elementor-image-box-content\"><h3 class=\"elementor-image-box-title\">Measurable Performance<\/h3><p class=\"elementor-image-box-description\">PVCI, GRI and LEAN-based indicators<\/p><\/div><\/div>\t\t\t\t<\/div>\n\t\t\t\t<\/div>\n\t\t\t\t<div class=\"elementor-element elementor-element-93956a4 home-img-card e-transform elementor-position-top elementor-widget elementor-widget-image-box\" data-id=\"93956a4\" data-element_type=\"widget\" data-e-type=\"widget\" data-settings=\"{&quot;_transform_scale_effect_hover&quot;:{&quot;unit&quot;:&quot;px&quot;,&quot;size&quot;:1.0300000000000000266453525910037569701671600341796875,&quot;sizes&quot;:[]},&quot;_transform_scale_effect_hover_laptop&quot;:{&quot;unit&quot;:&quot;px&quot;,&quot;size&quot;:&quot;&quot;,&quot;sizes&quot;:[]},&quot;_transform_scale_effect_hover_tablet&quot;:{&quot;unit&quot;:&quot;px&quot;,&quot;size&quot;:&quot;&quot;,&quot;sizes&quot;:[]},&quot;_transform_scale_effect_hover_mobile&quot;:{&quot;unit&quot;:&quot;px&quot;,&quot;size&quot;:&quot;&quot;,&quot;sizes&quot;:[]}}\" data-widget_type=\"image-box.default\">\n\t\t\t\t<div class=\"elementor-widget-container\">\n\t\t\t\t\t<div class=\"elementor-image-box-wrapper\"><figure class=\"elementor-image-box-img\"><img loading=\"lazy\" decoding=\"async\" width=\"820\" height=\"900\" src=\"https:\/\/cassandraprogram.com\/wp-content\/uploads\/2025\/10\/fooldal-serulekenysegcsokkentes.jpg\" class=\"attachment-full size-full wp-image-6393\" alt=\"S\u00e9r\u00fcl\u00e9kenys\u00e9gcs\u00f6kkent\u00e9s\" \/><\/figure><div class=\"elementor-image-box-content\"><h3 class=\"elementor-image-box-title\">Reduced Exposure<\/h3><p class=\"elementor-image-box-description\">Proactive risk management<\/p><\/div><\/div>\t\t\t\t<\/div>\n\t\t\t\t<\/div>\n\t\t\t\t<div class=\"elementor-element elementor-element-aad31b1 home-img-card e-transform elementor-position-top elementor-widget elementor-widget-image-box\" data-id=\"aad31b1\" data-element_type=\"widget\" data-e-type=\"widget\" data-settings=\"{&quot;_transform_scale_effect_hover&quot;:{&quot;unit&quot;:&quot;px&quot;,&quot;size&quot;:1.0300000000000000266453525910037569701671600341796875,&quot;sizes&quot;:[]},&quot;_transform_scale_effect_hover_laptop&quot;:{&quot;unit&quot;:&quot;px&quot;,&quot;size&quot;:&quot;&quot;,&quot;sizes&quot;:[]},&quot;_transform_scale_effect_hover_tablet&quot;:{&quot;unit&quot;:&quot;px&quot;,&quot;size&quot;:&quot;&quot;,&quot;sizes&quot;:[]},&quot;_transform_scale_effect_hover_mobile&quot;:{&quot;unit&quot;:&quot;px&quot;,&quot;size&quot;:&quot;&quot;,&quot;sizes&quot;:[]}}\" data-widget_type=\"image-box.default\">\n\t\t\t\t<div class=\"elementor-widget-container\">\n\t\t\t\t\t<div class=\"elementor-image-box-wrapper\"><figure class=\"elementor-image-box-img\"><img loading=\"lazy\" decoding=\"async\" width=\"820\" height=\"900\" src=\"https:\/\/cassandraprogram.com\/wp-content\/uploads\/2025\/10\/fooldal-versenyelony.jpg\" class=\"attachment-full size-full wp-image-6394\" alt=\"Versenyel\u0151ny\" \/><\/figure><div class=\"elementor-image-box-content\"><h3 class=\"elementor-image-box-title\">Competitive Advantage<\/h3><p class=\"elementor-image-box-description\">Adaptive and resilient strategies<\/p><\/div><\/div>\t\t\t\t<\/div>\n\t\t\t\t<\/div>\n\t\t\t\t\t<\/div>\n\t\t\t\t<\/div>\n\t\t<div class=\"elementor-element elementor-element-c368049 e-flex e-con-boxed e-con e-parent\" data-id=\"c368049\" data-element_type=\"container\" data-e-type=\"container\" data-settings=\"{&quot;background_background&quot;:&quot;classic&quot;}\">\n\t\t\t\t\t<div class=\"e-con-inner\">\n\t\t\t\t<div class=\"elementor-element elementor-element-3166d3d elementor-widget elementor-widget-heading\" data-id=\"3166d3d\" data-element_type=\"widget\" data-e-type=\"widget\" data-widget_type=\"heading.default\">\n\t\t\t\t<div class=\"elementor-widget-container\">\n\t\t\t\t\t<h2 class=\"elementor-heading-title elementor-size-default\">The New Business Reality<\/h2>\t\t\t\t<\/div>\n\t\t\t\t<\/div>\n\t\t\t\t<div class=\"elementor-element elementor-element-3658f21 elementor-widget elementor-widget-text-editor\" data-id=\"3658f21\" data-element_type=\"widget\" data-e-type=\"widget\" data-widget_type=\"text-editor.default\">\n\t\t\t\t<div class=\"elementor-widget-container\">\n\t\t\t\t\t\t\t\t\t<p><strong>The polycrisis is already shaping our lives.<br \/>Organisations face numerous interconnected risks.<\/strong><\/p><ul><li>Extreme weather<\/li><li>Energy market instability<\/li><li>Geopolitical tensions<\/li><li>Supply chain disruptions<\/li><li>Social instability<\/li><\/ul>\t\t\t\t\t\t\t\t<\/div>\n\t\t\t\t<\/div>\n\t\t\t\t<div class=\"elementor-element elementor-element-df939eb elementor-widget elementor-widget-text-editor\" data-id=\"df939eb\" data-element_type=\"widget\" data-e-type=\"widget\" data-widget_type=\"text-editor.default\">\n\t\t\t\t<div class=\"elementor-widget-container\">\n\t\t\t\t\t\t\t\t\t<p><strong>Traditional crisis management is no longer enough.<br \/>An integrated, cross-domain approach is required.<\/strong><\/p>\t\t\t\t\t\t\t\t<\/div>\n\t\t\t\t<\/div>\n\t\t\t\t\t<\/div>\n\t\t\t\t<\/div>\n\t\t<a class=\"elementor-element elementor-element-6dcde1b e-flex e-con-boxed e-con e-parent\" data-id=\"6dcde1b\" data-element_type=\"container\" data-e-type=\"container\" data-settings=\"{&quot;background_background&quot;:&quot;classic&quot;}\" href=\"https:\/\/cassandraprogram.com\/en\/cassee\/\">\n\t\t\t\t\t<div class=\"e-con-inner\">\n\t\t\t\t<div class=\"elementor-element elementor-element-82e8a6a elementor-widget elementor-widget-text-editor\" data-id=\"82e8a6a\" data-element_type=\"widget\" data-e-type=\"widget\" data-widget_type=\"text-editor.default\">\n\t\t\t\t<div class=\"elementor-widget-container\">\n\t\t\t\t\t\t\t\t\t<p><em>The Path to Action \u2192 The CASSee Program<\/em><\/p>\t\t\t\t\t\t\t\t<\/div>\n\t\t\t\t<\/div>\n\t\t\t\t\t<\/div>\n\t\t\t\t<\/a>\n\t\t<div class=\"elementor-element elementor-element-3685aa9 e-flex e-con-boxed e-con e-parent\" data-id=\"3685aa9\" data-element_type=\"container\" data-e-type=\"container\" data-settings=\"{&quot;background_background&quot;:&quot;classic&quot;}\">\n\t\t\t\t\t<div class=\"e-con-inner\">\n\t\t\t\t<div class=\"elementor-element elementor-element-9ba1c7a elementor-widget elementor-widget-heading\" data-id=\"9ba1c7a\" data-element_type=\"widget\" data-e-type=\"widget\" data-widget_type=\"heading.default\">\n\t\t\t\t<div class=\"elementor-widget-container\">\n\t\t\t\t\t<h2 class=\"elementor-heading-title elementor-size-default\">Proactive Responses to the Polycrisis<\/h2>\t\t\t\t<\/div>\n\t\t\t\t<\/div>\n\t\t\t\t<div class=\"elementor-element elementor-element-932c43c elementor-widget elementor-widget-text-editor\" data-id=\"932c43c\" data-element_type=\"widget\" data-e-type=\"widget\" data-widget_type=\"text-editor.default\">\n\t\t\t\t<div class=\"elementor-widget-container\">\n\t\t\t\t\t\t\t\t\t<p>The cascading crises are not only threats but also strategic opportunities.<\/p>\t\t\t\t\t\t\t\t<\/div>\n\t\t\t\t<\/div>\n\t\t\t\t<div class=\"elementor-element elementor-element-892cefb elementor-widget elementor-widget-heading\" data-id=\"892cefb\" data-element_type=\"widget\" data-e-type=\"widget\" data-widget_type=\"heading.default\">\n\t\t\t\t<div class=\"elementor-widget-container\">\n\t\t\t\t\t<h3 class=\"elementor-heading-title elementor-size-default\">Adaptation<\/h3>\t\t\t\t<\/div>\n\t\t\t\t<\/div>\n\t\t\t\t<div class=\"elementor-element elementor-element-30e621f elementor-icon-list--layout-traditional elementor-list-item-link-full_width elementor-widget elementor-widget-icon-list\" data-id=\"30e621f\" data-element_type=\"widget\" data-e-type=\"widget\" data-widget_type=\"icon-list.default\">\n\t\t\t\t<div class=\"elementor-widget-container\">\n\t\t\t\t\t\t\t<ul class=\"elementor-icon-list-items\">\n\t\t\t\t\t\t\t<li class=\"elementor-icon-list-item\">\n\t\t\t\t\t\t\t\t\t\t\t<span class=\"elementor-icon-list-icon\">\n\t\t\t\t\t\t\t<svg xmlns=\"http:\/\/www.w3.org\/2000\/svg\" width=\"512\" height=\"512\" viewBox=\"0 0 512 512\"><g id=\"icomoon-ignore\"><\/g><path d=\"M480 0l-224 64-224-64c0 0-2.25 25.849 0 64l224 70.045 224-70.045c2.249-38.151 0-64 0-64zM36.095 97.553c11.993 125.348 56.745 336.117 219.905 414.447 163.16-78.33 207.912-289.099 219.905-414.447l-219.905 82.679-219.905-82.679z\"><\/path><\/svg>\t\t\t\t\t\t<\/span>\n\t\t\t\t\t\t\t\t\t\t<span class=\"elementor-icon-list-text\"><strong>Resilience<\/strong> \u2013 flexible operations, crisis readiness<\/span>\n\t\t\t\t\t\t\t\t\t<\/li>\n\t\t\t\t\t\t\t\t<li class=\"elementor-icon-list-item\">\n\t\t\t\t\t\t\t\t\t\t\t<span class=\"elementor-icon-list-icon\">\n\t\t\t\t\t\t\t<svg xmlns=\"http:\/\/www.w3.org\/2000\/svg\" width=\"512\" height=\"512\" viewBox=\"0 0 512 512\"><g id=\"icomoon-ignore\"><\/g><path d=\"M512 160l-256-128-256 128 256 128 256-128zM256 74.485l171.029 85.515-171.029 85.515-171.029-85.515 171.029-85.515zM460.722 230.361l51.278 25.639-256 128-256-128 51.278-25.639 204.722 102.361zM460.722 326.361l51.278 25.639-256 128-256-128 51.278-25.639 204.722 102.361z\"><\/path><\/svg>\t\t\t\t\t\t<\/span>\n\t\t\t\t\t\t\t\t\t\t<span class=\"elementor-icon-list-text\"><strong>Diversification<\/strong> \u2013  spreading risk across domains<\/span>\n\t\t\t\t\t\t\t\t\t<\/li>\n\t\t\t\t\t\t\t\t<li class=\"elementor-icon-list-item\">\n\t\t\t\t\t\t\t\t\t\t\t<span class=\"elementor-icon-list-icon\">\n\t\t\t\t\t\t\t<svg xmlns=\"http:\/\/www.w3.org\/2000\/svg\" width=\"512\" height=\"512\" viewBox=\"0 0 512 512\"><g id=\"icomoon-ignore\"><\/g><path d=\"M364.496 256c68.877-43.667 115.504-127.604 115.504-224 0-10.838-0.596-21.517-1.739-32h-444.521c-1.145 10.484-1.74 21.163-1.74 32 0 96.396 46.627 180.333 115.503 224-68.876 43.667-115.503 127.604-115.503 224 0 10.838 0.595 21.517 1.739 32h444.521c1.144-10.483 1.739-21.162 1.739-32 0.001-96.396-46.626-180.333-115.503-224zM80 480c0-93.456 40.081-172.707 112-198.854v-50.293c-71.919-26.145-112-105.396-112-198.853v0h352c0 93.457-40.081 172.708-112 198.853v50.293c71.919 26.147 112 105.398 112 198.854h-352zM309.813 334.797c-35.827-20.322-37.804-46.684-37.813-62.683v-32.114c0-15.997 1.902-42.457 37.872-62.832 19.252-11.182 35.904-28.174 48.524-49.168h-204.791c12.633 21.016 29.306 38.021 48.583 49.203 35.827 20.322 37.803 46.683 37.813 62.683v32.114c0 15.996-1.902 42.457-37.872 62.832-36.311 21.090-63.369 62.842-71.545 113.168h250.835c-8.182-50.354-35.265-92.124-71.606-113.203z\"><\/path><\/svg>\t\t\t\t\t\t<\/span>\n\t\t\t\t\t\t\t\t\t\t<span class=\"elementor-icon-list-text\"><strong>Agility<\/strong> \u2013 rapid decisions, responsive operations<\/span>\n\t\t\t\t\t\t\t\t\t<\/li>\n\t\t\t\t\t\t\t\t<li class=\"elementor-icon-list-item\">\n\t\t\t\t\t\t\t\t\t\t\t<span class=\"elementor-icon-list-icon\">\n\t\t\t\t\t\t\t<svg xmlns=\"http:\/\/www.w3.org\/2000\/svg\" width=\"512\" height=\"512\" viewBox=\"0 0 512 512\"><g id=\"icomoon-ignore\"><\/g><path d=\"M446.134 257.245c1.221-5.554 1.866-11.323 1.866-17.245 0-44.183-35.817-80-80-80-7.112 0-14.007 0.934-20.567 2.676-12.398-38.676-48.644-66.676-91.433-66.676-43.674 0-80.527 29.168-92.163 69.085-11.371-3.31-23.396-5.085-35.837-5.085-70.692 0-128 57.308-128 128s57.308 128 128 128h304c44.183 0 80-35.816 80-80 0-39.359-28.427-72.080-65.866-78.755zM208 384l-80-80 32-32 48 48 112-112 32 32-144 144z\"><\/path><\/svg>\t\t\t\t\t\t<\/span>\n\t\t\t\t\t\t\t\t\t\t<span class=\"elementor-icon-list-text\"><strong>Innovation<\/strong> \u2013 new technologies and solutions<\/span>\n\t\t\t\t\t\t\t\t\t<\/li>\n\t\t\t\t\t\t\t\t<li class=\"elementor-icon-list-item\">\n\t\t\t\t\t\t\t\t\t\t\t<span class=\"elementor-icon-list-icon\">\n\t\t\t\t\t\t\t<svg xmlns=\"http:\/\/www.w3.org\/2000\/svg\" width=\"512\" height=\"512\" viewBox=\"0 0 512 512\"><g id=\"icomoon-ignore\"><\/g><path d=\"M64 448h448v64h-512v-512h64zM144 416c-26.51 0-48-21.49-48-48s21.49-48 48-48c1.414 0 2.811 0.074 4.194 0.193l51.596-85.993c-4.92-7.535-7.79-16.531-7.79-26.201 0-26.51 21.49-48 48-48s48 21.49 48 48c0 9.671-2.87 18.666-7.79 26.201l51.596 85.993c1.383-0.119 2.78-0.193 4.194-0.193 1.068 0 2.124 0.047 3.175 0.115l85.178-149.061c-5.268-7.704-8.353-17.018-8.353-27.055 0-26.51 21.49-48 48-48s48 21.49 48 48c0 26.51-21.49 48-48 48-1.070 0-2.124-0.047-3.175-0.116l-85.178 149.062c5.268 7.703 8.353 17.018 8.353 27.055 0 26.51-21.49 48-48 48s-48-21.49-48-48c0-9.67 2.87-18.666 7.789-26.201l-51.595-85.992c-1.383 0.119-2.78 0.193-4.194 0.193s-2.811-0.073-4.194-0.193l-51.596 85.993c4.92 7.534 7.79 16.53 7.79 26.2 0 26.51-21.49 48-48 48z\"><\/path><\/svg>\t\t\t\t\t\t<\/span>\n\t\t\t\t\t\t\t\t\t\t<span class=\"elementor-icon-list-text\"><strong>Mitigation<\/strong> \u2013 continuous monitoring and contingency planning<\/span>\n\t\t\t\t\t\t\t\t\t<\/li>\n\t\t\t\t\t\t<\/ul>\n\t\t\t\t\t\t<\/div>\n\t\t\t\t<\/div>\n\t\t\t\t\t<\/div>\n\t\t\t\t<\/div>\n\t\t<a class=\"elementor-element elementor-element-1c8fa43 e-flex e-con-boxed e-con e-parent\" data-id=\"1c8fa43\" data-element_type=\"container\" data-e-type=\"container\" data-settings=\"{&quot;background_background&quot;:&quot;classic&quot;}\" href=\"https:\/\/cassandraprogram.com\/en\/cassee\/\">\n\t\t\t\t\t<div class=\"e-con-inner\">\n\t\t\t\t<div class=\"elementor-element elementor-element-3e1bb51 elementor-widget elementor-widget-text-editor\" data-id=\"3e1bb51\" data-element_type=\"widget\" data-e-type=\"widget\" data-widget_type=\"text-editor.default\">\n\t\t\t\t<div class=\"elementor-widget-container\">\n\t\t\t\t\t\t\t\t\t<p>Choose your adaptive strategy \u2192 Request a Consultation<\/p>\t\t\t\t\t\t\t\t<\/div>\n\t\t\t\t<\/div>\n\t\t\t\t\t<\/div>\n\t\t\t\t<\/a>\n\t\t<div class=\"elementor-element elementor-element-b57ad38 e-flex e-con-boxed e-con e-parent\" data-id=\"b57ad38\" data-element_type=\"container\" data-e-type=\"container\" data-settings=\"{&quot;background_background&quot;:&quot;classic&quot;}\">\n\t\t\t\t\t<div class=\"e-con-inner\">\n\t\t\t\t<div class=\"elementor-element elementor-element-609b866 elementor-widget elementor-widget-heading\" data-id=\"609b866\" data-element_type=\"widget\" data-e-type=\"widget\" data-widget_type=\"heading.default\">\n\t\t\t\t<div class=\"elementor-widget-container\">\n\t\t\t\t\t<h2 class=\"elementor-heading-title elementor-size-default\">A Framework for Survival and Strategic Advantage<\/h2>\t\t\t\t<\/div>\n\t\t\t\t<\/div>\n\t\t\t\t<div class=\"elementor-element elementor-element-65484f7 elementor-widget elementor-widget-text-editor\" data-id=\"65484f7\" data-element_type=\"widget\" data-e-type=\"widget\" data-widget_type=\"text-editor.default\">\n\t\t\t\t<div class=\"elementor-widget-container\">\n\t\t\t\t\t\t\t\t\t<p>The CASSee Program provides a multi-level path from awareness to measurable outcomes.<\/p>\t\t\t\t\t\t\t\t<\/div>\n\t\t\t\t<\/div>\n\t\t\t\t<div class=\"elementor-element elementor-element-b4e7182 elementor-widget elementor-widget-heading\" data-id=\"b4e7182\" data-element_type=\"widget\" data-e-type=\"widget\" data-widget_type=\"heading.default\">\n\t\t\t\t<div class=\"elementor-widget-container\">\n\t\t\t\t\t<h3 class=\"elementor-heading-title elementor-size-default\">Interlinked Levels<\/h3>\t\t\t\t<\/div>\n\t\t\t\t<\/div>\n\t\t\t\t<div class=\"elementor-element elementor-element-89407be elementor-icon-list--layout-traditional elementor-list-item-link-full_width elementor-widget elementor-widget-icon-list\" data-id=\"89407be\" data-element_type=\"widget\" data-e-type=\"widget\" data-widget_type=\"icon-list.default\">\n\t\t\t\t<div class=\"elementor-widget-container\">\n\t\t\t\t\t\t\t<ul class=\"elementor-icon-list-items\">\n\t\t\t\t\t\t\t<li class=\"elementor-icon-list-item\">\n\t\t\t\t\t\t\t\t\t\t\t<span class=\"elementor-icon-list-icon\">\n\t\t\t\t\t\t\t<svg xmlns=\"http:\/\/www.w3.org\/2000\/svg\" width=\"512\" height=\"512\" viewBox=\"0 0 512 512\"><g id=\"icomoon-ignore\"><\/g><path d=\"M144 288h-32v224h32c8.8 0 16-7.2 16-16v-192c0-8.8-7.2-16-16-16z\"><\/path><path d=\"M368 288c-8.801 0-16 7.2-16 16v192c0 8.8 7.199 16 16 16h32v-224h-32z\"><\/path><path d=\"M512 256c0-141.385-114.615-256-256-256s-256 114.615-256 256c0 30.706 5.415 60.145 15.328 87.424-9.739 16.603-15.328 35.935-15.328 56.576 0 56.423 41.724 103.094 96 110.858v-221.709c-15.957 2.283-30.832 7.921-43.877 16.189-2.696-13.359-4.123-27.182-4.123-41.338 0-114.875 93.125-208 208-208s208 93.125 208 208c0 14.157-1.415 27.984-4.11 41.348-13.050-8.273-27.927-13.924-43.89-16.209v221.72c54.274-7.766 96-54.437 96-110.857 0-20.637-5.589-39.967-15.324-56.569 9.914-27.283 15.324-56.726 15.324-87.433z\"><\/path><\/svg>\t\t\t\t\t\t<\/span>\n\t\t\t\t\t\t\t\t\t\t<span class=\"elementor-icon-list-text\"><strong>Awareness<\/strong> \u2013 leadership workshops, mindset development<\/span>\n\t\t\t\t\t\t\t\t\t<\/li>\n\t\t\t\t\t\t\t\t<li class=\"elementor-icon-list-item\">\n\t\t\t\t\t\t\t\t\t\t\t<span class=\"elementor-icon-list-icon\">\n\t\t\t\t\t\t\t<svg xmlns=\"http:\/\/www.w3.org\/2000\/svg\" width=\"512\" height=\"512\" viewBox=\"0 0 512 512\"><g id=\"icomoon-ignore\"><\/g><path d=\"M0 416h512v64h-512zM64 288h64v96h-64zM160 160h64v224h-64zM256 256h64v128h-64zM352 64h64v320h-64z\"><\/path><\/svg>\t\t\t\t\t\t<\/span>\n\t\t\t\t\t\t\t\t\t\t<span class=\"elementor-icon-list-text\"><strong>Assessment<\/strong> \u2013  vulnerability map, visual evaluation<\/span>\n\t\t\t\t\t\t\t\t\t<\/li>\n\t\t\t\t\t\t\t\t<li class=\"elementor-icon-list-item\">\n\t\t\t\t\t\t\t\t\t\t\t<span class=\"elementor-icon-list-icon\">\n\t\t\t\t\t\t\t<svg xmlns=\"http:\/\/www.w3.org\/2000\/svg\" width=\"512\" height=\"512\" viewBox=\"0 0 512 512\"><g id=\"icomoon-ignore\"><\/g><path d=\"M0 32v448h512v-448h-512zM192 320v-96h128v96h-128zM320 352v96h-128v-96h128zM320 96v96h-128v-96h128zM160 96v96h-128v-96h128zM32 224h128v96h-128v-96zM352 224h128v96h-128v-96zM352 192v-96h128v96h-128zM32 352h128v96h-128v-96zM352 448v-96h128v96h-128z\"><\/path><\/svg>\t\t\t\t\t\t<\/span>\n\t\t\t\t\t\t\t\t\t\t<span class=\"elementor-icon-list-text\"><strong>Analysis<\/strong> \u2013 risk analysis, supply chain review<\/span>\n\t\t\t\t\t\t\t\t\t<\/li>\n\t\t\t\t\t\t\t\t<li class=\"elementor-icon-list-item\">\n\t\t\t\t\t\t\t\t\t\t\t<span class=\"elementor-icon-list-icon\">\n\t\t\t\t\t\t\t<svg xmlns=\"http:\/\/www.w3.org\/2000\/svg\" width=\"512\" height=\"512\" viewBox=\"0 0 512 512\"><g id=\"icomoon-ignore\"><\/g><path d=\"M496.131 435.698l-121.276-103.147c-12.537-11.283-25.945-16.463-36.776-15.963 28.628-33.534 45.921-77.039 45.921-124.588 0-106.039-85.961-192-192-192s-192 85.961-192 192 85.961 192 192 192c47.549 0 91.054-17.293 124.588-45.922-0.5 10.831 4.68 24.239 15.963 36.776l103.147 121.276c17.661 19.623 46.511 21.277 64.11 3.678s15.946-46.449-3.677-64.11zM192 320c-70.692 0-128-57.308-128-128s57.308-128 128-128 128 57.308 128 128-57.307 128-128 128z\"><\/path><\/svg>\t\t\t\t\t\t<\/span>\n\t\t\t\t\t\t\t\t\t\t<span class=\"elementor-icon-list-text\"><strong>Strategy<\/strong> \u2013 PVCI, GRI, LEAN-based development<\/span>\n\t\t\t\t\t\t\t\t\t<\/li>\n\t\t\t\t\t\t\t\t<li class=\"elementor-icon-list-item\">\n\t\t\t\t\t\t\t\t\t\t\t<span class=\"elementor-icon-list-icon\">\n\t\t\t\t\t\t\t<svg xmlns=\"http:\/\/www.w3.org\/2000\/svg\" width=\"512\" height=\"512\" viewBox=\"0 0 512 512\"><g id=\"icomoon-ignore\"><\/g><path d=\"M224 288v-224c-123.712 0-224 100.288-224 224s100.288 224 224 224 224-100.288 224-224c0-36.017-8.514-70.042-23.618-100.191l-200.382 100.191zM456.382 123.809c-36.776-73.408-112.687-123.809-200.382-123.809v224l200.382-100.191z\"><\/path><\/svg>\t\t\t\t\t\t<\/span>\n\t\t\t\t\t\t\t\t\t\t<span class=\"elementor-icon-list-text\"><strong>Action<\/strong> \u2013 concrete initiatives, impact evaluation<\/span>\n\t\t\t\t\t\t\t\t\t<\/li>\n\t\t\t\t\t\t<\/ul>\n\t\t\t\t\t\t<\/div>\n\t\t\t\t<\/div>\n\t\t\t\t<div class=\"elementor-element elementor-element-6df67ea elementor-widget elementor-widget-heading\" data-id=\"6df67ea\" data-element_type=\"widget\" data-e-type=\"widget\" data-widget_type=\"heading.default\">\n\t\t\t\t<div class=\"elementor-widget-container\">\n\t\t\t\t\t<h3 class=\"elementor-heading-title elementor-size-default\">Continuous measurement<\/h3>\t\t\t\t<\/div>\n\t\t\t\t<\/div>\n\t\t\t\t<div class=\"elementor-element elementor-element-9cd6434 elementor-icon-list--layout-traditional elementor-list-item-link-full_width elementor-widget elementor-widget-icon-list\" data-id=\"9cd6434\" data-element_type=\"widget\" data-e-type=\"widget\" data-widget_type=\"icon-list.default\">\n\t\t\t\t<div class=\"elementor-widget-container\">\n\t\t\t\t\t\t\t<ul class=\"elementor-icon-list-items\">\n\t\t\t\t\t\t\t<li class=\"elementor-icon-list-item\">\n\t\t\t\t\t\t\t\t\t\t<span class=\"elementor-icon-list-text\"><strong>PVCI<\/strong> \u2013 Polycrisis Vulnerability and Competitiveness Index<\/span>\n\t\t\t\t\t\t\t\t\t<\/li>\n\t\t\t\t\t\t\t\t<li class=\"elementor-icon-list-item\">\n\t\t\t\t\t\t\t\t\t\t<span class=\"elementor-icon-list-text\"><strong>GRI<\/strong> \u2013 Sustainability indicators<\/span>\n\t\t\t\t\t\t\t\t\t<\/li>\n\t\t\t\t\t\t\t\t<li class=\"elementor-icon-list-item\">\n\t\t\t\t\t\t\t\t\t\t<span class=\"elementor-icon-list-text\"><strong>LEAN<\/strong> \u2013 Efficiency and waste-reduction methods<\/span>\n\t\t\t\t\t\t\t\t\t<\/li>\n\t\t\t\t\t\t<\/ul>\n\t\t\t\t\t\t<\/div>\n\t\t\t\t<\/div>\n\t\t\t\t\t<\/div>\n\t\t\t\t<\/div>\n\t\t<a class=\"elementor-element elementor-element-0ddf72b e-flex e-con-boxed e-con e-parent\" data-id=\"0ddf72b\" data-element_type=\"container\" data-e-type=\"container\" data-settings=\"{&quot;background_background&quot;:&quot;classic&quot;}\" href=\"https:\/\/cassandraprogram.com\/en\/cassee\/\">\n\t\t\t\t\t<div class=\"e-con-inner\">\n\t\t\t\t<div class=\"elementor-element elementor-element-869706b elementor-widget elementor-widget-text-editor\" data-id=\"869706b\" data-element_type=\"widget\" data-e-type=\"widget\" data-widget_type=\"text-editor.default\">\n\t\t\t\t<div class=\"elementor-widget-container\">\n\t\t\t\t\t\t\t\t\t<p>Learn About the CASSee Program \u2192 Request a Consultation<\/p>\t\t\t\t\t\t\t\t<\/div>\n\t\t\t\t<\/div>\n\t\t\t\t\t<\/div>\n\t\t\t\t<\/a>\n\t\t\t\t<\/div>\n\t\t","protected":false},"excerpt":{"rendered":"<p>The polycrisis is the simultaneous impact of multiple reinforcing crises. The CASSee Program transforms crisis into opportunity. Applying it lowers the organisation&#8217;s vulnerability and exposure. Measurable Performance PVCI, GRI and LEAN-based indicators Reduced Exposure Proactive risk management Competitive Advantage Adaptive and resilient strategies The New Business Reality The polycrisis is already shaping our lives. Organisations [&hellip;]<\/p>\n","protected":false},"author":1,"featured_media":0,"parent":0,"menu_order":0,"comment_status":"closed","ping_status":"closed","template":"elementor_header_footer","meta":{"footnotes":""},"tags":[],"class_list":["post-6391","page","type-page","status-publish","hentry"],"_links":{"self":[{"href":"https:\/\/cassandraprogram.com\/en\/wp-json\/wp\/v2\/pages\/6391","targetHints":{"allow":["GET"]}}],"collection":[{"href":"https:\/\/cassandraprogram.com\/en\/wp-json\/wp\/v2\/pages"}],"about":[{"href":"https:\/\/cassandraprogram.com\/en\/wp-json\/wp\/v2\/types\/page"}],"author":[{"embeddable":true,"href":"https:\/\/cassandraprogram.com\/en\/wp-json\/wp\/v2\/users\/1"}],"replies":[{"embeddable":true,"href":"https:\/\/cassandraprogram.com\/en\/wp-json\/wp\/v2\/comments?post=6391"}],"version-history":[{"count":59,"href":"https:\/\/cassandraprogram.com\/en\/wp-json\/wp\/v2\/pages\/6391\/revisions"}],"predecessor-version":[{"id":6863,"href":"https:\/\/cassandraprogram.com\/en\/wp-json\/wp\/v2\/pages\/6391\/revisions\/6863"}],"wp:attachment":[{"href":"https:\/\/cassandraprogram.com\/en\/wp-json\/wp\/v2\/media?parent=6391"}],"wp:term":[{"taxonomy":"post_tag","embeddable":true,"href":"https:\/\/cassandraprogram.com\/en\/wp-json\/wp\/v2\/tags?post=6391"}],"curies":[{"name":"wp","href":"https:\/\/api.w.org\/{rel}","templated":true}]}}